{"id":104,"date":"2024-12-17T20:12:48","date_gmt":"2024-12-17T20:12:48","guid":{"rendered":"https:\/\/msp.apsiot.com\/?page_id=104"},"modified":"2026-04-23T20:54:50","modified_gmt":"2026-04-23T20:54:50","slug":"104-2","status":"publish","type":"page","link":"https:\/\/expertsupport.sv\/en\/104-2\/","title":{"rendered":"Servicios Empresariales de Expert Support"},"content":{"rendered":"<p>Lista de Servicios de APS<\/p>\n\n\n\n<p>A continuaci\u00f3n se presenta un resumen de nuestros servicios generales.<\/p>\n\n\n\n<p>Si tiene alguna pregunta sobre un servicio que no aparece en la lista, comun\u00edquese con un Ejecutivo de Cuenta o Gerente de \u00c9xito del Cliente para obtener m\u00e1s informaci\u00f3n.<\/p>\n\n\n\n<p>Resumen<\/p>\n\n\n\n<ul class=\"wp-block-list\">\n<li>Soporte en tiempo real por correo electr\u00f3nico y tel\u00e9fono<\/li>\n\n\n\n<li>Gesti\u00f3n de Dispositivos<\/li>\n\n\n\n<li>Gesti\u00f3n de Dispositivos M\u00f3viles<\/li>\n\n\n\n<li>Actualizaciones de Hardware y Software<\/li>\n\n\n\n<li>Gesti\u00f3n de Redes y Servidores<\/li>\n\n\n\n<li>Gesti\u00f3n y Soporte de Redes<\/li>\n\n\n\n<li>Gesti\u00f3n y Soporte de Servidores<\/li>\n\n\n\n<li>Soporte de Emergencia en Sitio<\/li>\n\n\n\n<li>Gesti\u00f3n de Aplicaciones y Nube<\/li>\n\n\n\n<li>Aprovisionamiento de Software y Permisos<\/li>\n\n\n\n<li>Administraci\u00f3n de Unidades en la Nube<\/li>\n\n\n\n<li>Incorporaci\u00f3n y Desvinculaci\u00f3n de Empleados<\/li>\n\n\n\n<li>Adquisici\u00f3n y Aprovisionamiento<\/li>\n\n\n\n<li>Controles de Seguridad y Cumplimiento<\/li>\n\n\n\n<li>Proyectos Estrat\u00e9gicos<\/li>\n\n\n\n<li>Recorrido Inicial de Oficina y Auditor\u00eda de TI<\/li>\n\n\n\n<li>Proyectos Ad Hoc en Sitio<\/li>\n\n\n\n<li>Gesti\u00f3n de Proyectos Ad Hoc Remotos<\/li>\n\n\n\n<li>Reportes<\/li>\n\n\n\n<li>Reportes de Tickets Continuos<\/li>\n\n\n\n<li>Reportes de Dispositivos Continuos<\/li>\n<\/ul>\n\n\n\n<h1 class=\"wp-block-heading\">Qu\u00e9 Incluyen Nuestros Paquetes<\/h1>\n\n\n\n<p>Paquete B\u00e1sico<br>Gesti\u00f3n de Dispositivos ($)<br>Controles de Seguridad y Cumplimiento ($)<br>Incorporaci\u00f3n y Desvinculaci\u00f3n de Empleados<br>Reportes<br>Soporte de Mesa de Servicio<br>Para Usuarios Finales: Soporte por tel\u00e9fono\/correo para Intune\/AD \u00fanicamente<br>Para Administradores: Soporte por tel\u00e9fono\/correo para Intune\/AD e incorporaci\u00f3n\/desvinculaci\u00f3n de empleados (incluido para 2 contactos)<br>Paquete Core ($)<br>Gesti\u00f3n de Dispositivos<br>Controles de Seguridad y Cumplimiento ($)<br>Incorporaci\u00f3n y Desvinculaci\u00f3n de Empleados<br>Reportes<br>Soporte en Tiempo Real<br>Servicios Adicionales Disponibles con Costo Extra<br>Gesti\u00f3n de Redes y Servidores<br>Control de Acceso<br>Sistemas de Telefon\u00eda o VOIP en sitio o en la nube<br>Audio y Video<br>CCTV<br>Cableado de Voz y Datos<br>Automatizaci\u00f3n de Iluminaci\u00f3n<br>Soporte por Chat 24\/5<br>Soporte por Chat los Fines de Semana<br>Proyectos Estrat\u00e9gicos<\/p>\n\n\n\n<p>Algunos aspectos de la Gesti\u00f3n de Dispositivos y los Controles de Seguridad y Cumplimiento, si son solicitados por el Cliente, pueden requerir cargos adicionales. Por favor lea el resto de este documento de Lista de Servicios a continuaci\u00f3n para obtener m\u00e1s informaci\u00f3n.<\/p>\n\n\n\n<p>*El cliente debe utilizar el Paquete B\u00e1sico o Core de APS para poder adquirir servicios adicionales. Ciertos servicios adicionales pueden no estar disponibles con el Paquete B\u00e1sico.<\/p>\n\n\n\n<p><\/p>\n\n\n\n<h1 class=\"wp-block-heading\">Device Management<\/h1>\n\n\n\n<p><em>Mobile Device Management (Intune)<\/em><\/p>\n\n\n\n<ul class=\"wp-block-list\">\n<li>Intune setup and installation on company-owned computers for Macs and PCs<\/li>\n\n\n\n<li>Inventory management of MDM-enrolled computers with device models and serial numbers<\/li>\n\n\n\n<li>Support for company-owned iOS Devices upon request ($)\n<ul class=\"wp-block-list\">\n<li>Wipe, lock, inventory management ($)<\/li>\n\n\n\n<li>View applications &amp; push out applications to devices with VPP &amp; DEP in place ($)<\/li>\n<\/ul>\n<\/li>\n<\/ul>\n\n\n\n<p>($ &#8211; May incur additional fees, please contact APS if interested. This support requires the device to be wiped and enrolled)<em><\/em><\/p>\n\n\n\n<p><em>Hardware &amp; Software Update<\/em><\/p>\n\n\n\n<ul class=\"wp-block-list\">\n<li>Monitor Device Health: RAM, disk space, processor speed, battery health (Hardware upgrades will incur additional fees)<\/li>\n\n\n\n<li>Deploy updates via Intune to enrolled devices\n<ul class=\"wp-block-list\">\n<li>Baseline device con\ufb01gurations and policy changes upon enrollment<\/li>\n\n\n\n<li>Incremental OS updates<\/li>\n\n\n\n<li>Incremental software updates for APS supported applications<\/li>\n<\/ul>\n<\/li>\n<\/ul>\n\n\n\n<h1 class=\"wp-block-heading\">Network &amp; Server Management<\/h1>\n\n\n\n<p><em>Network Management &amp; Support<\/em><\/p>\n\n\n\n<ul class=\"wp-block-list\">\n<li>Day-to-day network troubleshooting and management ($)<\/li>\n\n\n\n<li>Outage monitoring and resolution for APS supported network equipment($)\n<ul class=\"wp-block-list\">\n<li>Cisco<\/li>\n\n\n\n<li>Ubiquiti<\/li>\n\n\n\n<li>EnGenius<\/li>\n\n\n\n<li>SonicWall<\/li>\n\n\n\n<li>Ruckus<\/li>\n\n\n\n<li>Olympus BAS Controller<\/li>\n<\/ul>\n<\/li>\n\n\n\n<li>Onsite audit and assessment of network and server infrastructure ($)<\/li>\n\n\n\n<li>Recommend improvements for network performance ($)<\/li>\n\n\n\n<li>Update \ufb01rmware and renew licenses ($)<\/li>\n<\/ul>\n\n\n\n<p>($ &#8211; May incur additional fees for non -APS supported network equipment)<\/p>\n\n\n\n<ul class=\"wp-block-list\">\n<li>VPN creation &amp; troubleshooting for native OS VPN client (Windows &amp; MacOS) ($)<\/li>\n<\/ul>\n\n\n\n<p><em>Server Management &amp; Support<\/em><\/p>\n\n\n\n<ul class=\"wp-block-list\">\n<li>Remotely manage and troubleshoot servers for Windows, Mac, and NAS appliances ($)<\/li>\n\n\n\n<li>Maintain and manage supported versions of Active Directory services ($)<\/li>\n<\/ul>\n\n\n\n<p>($ &#8211; End-of-life versions will require a migration project prior to receiving support and will incur additional fees)<\/p>\n\n\n\n<p><em>On-site Emergency Outage Support<\/em><\/p>\n\n\n\n<ul class=\"wp-block-list\">\n<li>Available 8 AM &#8211; 5 PM local time, Monday-Friday (excludes major holidays) ($)<\/li>\n<\/ul>\n\n\n\n<p>($ For some locations, this is available after hours for an additional fee for APS supported locations only)<\/p>\n\n\n\n<ul class=\"wp-block-list\">\n<li>3-4 business hour SLA depending upon location<\/li>\n\n\n\n<li>Covers onsite diagnostic and basic troubleshooting for full network or server outages, up to \ufb01rst 4 hours onsite ($)<\/li>\n<\/ul>\n\n\n\n<p>($ &#8211; Any additional hours, materials, labor, or infrastructure work required may incur additional costs)<\/p>\n\n\n\n<ul class=\"wp-block-list\">\n<li>For additional details and procedures see <strong>APS\u2019s Emergency On-site <\/strong><strong>SLA De\ufb01nition<\/strong><\/li>\n<\/ul>\n\n\n\n<h1 class=\"wp-block-heading\">Application &amp; Cloud Management<\/h1>\n\n\n\n<p><em>Software Provisioning &amp; Permissions<\/em><\/p>\n\n\n\n<ul class=\"wp-block-list\">\n<li>Ful\ufb01ll systems administration requests for core software platforms on APS\u2019s supported applications list<\/li>\n\n\n\n<li>Manage licenses and users for all other existing software through supported SSO ($) ($ &#8211; Setup may incur additional fees)<\/li>\n\n\n\n<li>Ful\ufb01ll IT approver requests to install APS supported software on employee computers<\/li>\n<\/ul>\n\n\n\n<p><em>Cloud Drive Administration<\/em><\/p>\n\n\n\n<ul class=\"wp-block-list\">\n<li>Manage user permissions across APS supported cloud \ufb01le sharing applications<\/li>\n\n\n\n<li>Ful\ufb01ll employee \ufb01le-sharing policy requests (i.e. prevent employees from sharing \ufb01les\/folders with external domains)<\/li>\n<\/ul>\n\n\n\n<p><\/p>\n\n\n\n<h1 class=\"wp-block-heading\">Employee Onboarding &amp; Offboarding<\/h1>\n\n\n\n<ul class=\"wp-block-list\">\n<li>Standardize and ful\ufb01ll domestic procurement requests for computers and devices (i.e. sales gets Macbook Airs, HR gets Macbook Pros, etc.)<\/li>\n\n\n\n<li>Install and setup of all required departmental software accounts\/licenses supported by APS<\/li>\n\n\n\n<li>Revoke access to computers, devices, and software accounts at speci\ufb01ed offboarding time<\/li>\n\n\n\n<li>Remote provisioning* of APS supported devices<\/li>\n<\/ul>\n\n\n\n<h1 class=\"wp-block-heading\">Procurement &amp; Provisioning<\/h1>\n\n\n\n<ul class=\"wp-block-list\">\n<li>Assist with setup of Apple Business Account and Apple Business Manager<\/li>\n\n\n\n<li>Deploy Apple Device Enrollment Program (DEP)<\/li>\n\n\n\n<li>Con\ufb01gure Application Volume Purchasing Program (VPP)<\/li>\n\n\n\n<li>Initiate purchase of devices in Apple Business Accounts<\/li>\n\n\n\n<li>Provide a quote for approval within 3 business days of receiving the information<\/li>\n\n\n\n<li>Arrange shipping as necessary ($)<\/li>\n\n\n\n<li>On-site provisioning at APS available upon request ($)<\/li>\n\n\n\n<li>Laptop inventory storage at APS available upon request ($) ($ &#8211; May incur additional fees)<\/li>\n<\/ul>\n\n\n\n<h1 class=\"wp-block-heading\">Security Controls &amp; Compliance<\/h1>\n\n\n\n<ul class=\"wp-block-list\">\n<li>Deploy and maintain device security controls including automated patching, \ufb01rewall, Gatekeeper, screen lock, disk encryption, installed on enrolled computers<\/li>\n\n\n\n<li>Deploy updates via Intune to enrolled devices<\/li>\n<\/ul>\n\n\n\n<p><em>(See \u201cHardware &amp; Software Updates\u201d section)<\/em><\/p>\n\n\n\n<ul class=\"wp-block-list\">\n<li>Implement two-factor authentication (2FA &amp; MFA) across email, Slack, and APS supported applications<\/li>\n\n\n\n<li>Deploy and maintain network security controls including password complexity, encryption, \ufb01rewall rules, and permissions<\/li>\n\n\n\n<li>Assist with security questionnaires as it relates to APS supported devices and networks ($) ($ &#8211; Will incur additional fees)<\/li>\n\n\n\n<li>Assist with the collection of evidence for security audits as it relates to APS supported devices and networks ($)<\/li>\n<\/ul>\n\n\n\n<p>($ &#8211; May incur additional fees)<\/p>\n\n\n\n<h1 class=\"wp-block-heading\">Strategic Projects<\/h1>\n\n\n\n<p><em>The following projects may be performed by our professional services team or through one of our authorized partners and will incur additional fees.<\/em><\/p>\n\n\n\n<p><em>Initial O\ufb03ce Walkthrough &amp; IT Audit (during implementation)<\/em><em><\/em><\/p>\n\n\n\n<p><\/p>\n\n\n\n<ul class=\"wp-block-list\">\n<li>Review existing IT infrastructure and take inventory of devices including network infrastructure, server (if present), printers and audio visual equipment devices<\/li>\n\n\n\n<li>Ensure APS can access existing infrastructure for remote management (may require customer assistance)<\/li>\n\n\n\n<li>Share best practices and action items around your network, security, policies, devices, and software accounts<\/li>\n\n\n\n<li>Provide initial IT Scorecard including recommendations and strategic initiatives to meet your goals<\/li>\n<\/ul>\n\n\n\n<p><em>On-Site Ad-hoc Projects<\/em><em> <\/em>($ additional cost + scheduling required)<\/p>\n\n\n\n<ul class=\"wp-block-list\">\n<li>O\ufb03ce moves<\/li>\n\n\n\n<li>Network upgrades\/build-outs<\/li>\n\n\n\n<li>Conferencing and hardware install<\/li>\n\n\n\n<li>Smaller on-site projects &#8211; such as: running cables through the o\ufb03ce and new printer con\ufb01guration<\/li>\n\n\n\n<li>For additional details and pricing see <strong>APS\u2019s Professional Services Project Catalog<\/strong><\/li>\n<\/ul>\n\n\n\n<p><em>Remote Ad-hoc Projects Management<\/em><em> <\/em>($ additional cost + scheduling required)<\/p>\n\n\n\n<ul class=\"wp-block-list\">\n<li>Major OS upgrades upon request<\/li>\n\n\n\n<li>Push out any con\ufb01guration or policy changes for non-supported applications<\/li>\n\n\n\n<li>Audit and cleanup of active and unused software licenses<\/li>\n\n\n\n<li>Email and data migrations<\/li>\n\n\n\n<li>Server con\ufb01guration<\/li>\n\n\n\n<li>Supported Identity Management Platform implementations<\/li>\n\n\n\n<li>Smaller remote projects &#8211; such as: VPN deployments, new software deployments, email backups<\/li>\n<\/ul>\n\n\n\n<p><em>* For additional details and pricing see <\/em><strong><em>APS\u2019s Professional Services Project Catalog<\/em><\/strong><\/p>\n\n\n\n<h1 class=\"wp-block-heading\">Reporting<\/h1>\n\n\n\n<p><em>Ongoing Ticket Reporting<\/em><\/p>\n\n\n\n<ul class=\"wp-block-list\">\n<li><em>Request Overview<\/em>\n<ul class=\"wp-block-list\">\n<li>Open Tickets<\/li>\n\n\n\n<li>Requests in the last 30 days<\/li>\n\n\n\n<li>Average CSAT last 30 days<\/li>\n<\/ul>\n<\/li>\n\n\n\n<li><em>Active Tickets<\/em>\n<ul class=\"wp-block-list\">\n<li>Average ticket lifetime by Service Level<\/li>\n\n\n\n<li>Open ticket detail: Requester, Time Created, Time Open, Service Level, Ticket ID<\/li>\n<\/ul>\n<\/li>\n\n\n\n<li><em>Historical Tickets<\/em>\n<ul class=\"wp-block-list\">\n<li>Average time to resolution by Service Level<\/li>\n\n\n\n<li>CSAT Trend<\/li>\n\n\n\n<li>Average time to resolution by Service Level<\/li>\n\n\n\n<li>Request breakdown by ticket category &#8211; All Time<\/li>\n\n\n\n<li>Request breakdown by ticket category &#8211; Last 30 days<\/li>\n\n\n\n<li>Average ticket response time (minutes)<\/li>\n\n\n\n<li>Closed ticket detail: Requester, Time Created, Time Open, Service Level, Ticket ID<\/li>\n\n\n\n<li>Projects summary<\/li>\n<\/ul>\n<\/li>\n<\/ul>\n\n\n\n<p><em><strong>Ongoing Device Reporting<\/strong><\/em><\/p>\n\n\n\n<ul class=\"wp-block-list\">\n<li>Device Health<\/li>\n\n\n\n<li>OS Version<\/li>\n\n\n\n<li>Hardware<\/li>\n\n\n\n<li>RAM<\/li>\n\n\n\n<li>Disk Space<\/li>\n<\/ul>\n\n\n\n<p><em><strong>IT Scorecard<\/strong><\/em><\/p>\n\n\n\n<ul class=\"wp-block-list\">\n<li><em>Mac Devices<\/em>\n<ul class=\"wp-block-list\">\n<li>FileVault enabled %<\/li>\n\n\n\n<li>Gatekeeper enabled %<\/li>\n\n\n\n<li>Firewall enabled %<\/li>\n\n\n\n<li>OS version<\/li>\n<\/ul>\n<\/li>\n\n\n\n<li><em>PC Devices<\/em>\n<ul class=\"wp-block-list\">\n<li>BitLocker<\/li>\n\n\n\n<li>Hardware manufacturer<\/li>\n\n\n\n<li>OS version<\/li>\n<\/ul>\n<\/li>\n\n\n\n<li><em>G-Suite Licensing and Security<\/em>\n<ul class=\"wp-block-list\">\n<li>Business and cloud storage<\/li>\n\n\n\n<li>Number of licenses<\/li>\n\n\n\n<li>Multi-Factor Authentication (MFA) enabled %<\/li>\n\n\n\n<li>Recent logins<\/li>\n<\/ul>\n<\/li>\n\n\n\n<li><em>O\ufb03ce 365 Licensing and Security<\/em>\n<ul class=\"wp-block-list\">\n<li>Number of licenses<\/li>\n\n\n\n<li>Multi-Factor Authentication (MFA) enabled %<\/li>\n<\/ul>\n<\/li>\n<\/ul>\n\n\n\n<p><em><strong>Strategic Business Review<\/strong><\/em><\/p>\n\n\n\n<ul class=\"wp-block-list\">\n<li>Number of users enrolled in APS<\/li>\n\n\n\n<li>Number of computers enrolled in MDM<\/li>\n\n\n\n<li>Number of onboardings and offboardings through Turbine<\/li>\n\n\n\n<li>Technical onsite support hours<\/li>\n\n\n\n<li>Strategic projects completed<\/li>\n\n\n\n<li>Progress against key milestones<\/li>\n\n\n\n<li>Product and Service utilization and recommendations<\/li>\n\n\n\n<li>Accomplishments from Go-live Stage<\/li>\n\n\n\n<li>Supported and unsupported Applications<\/li>\n\n\n\n<li>Product roadmap<\/li>\n\n\n\n<li>Services roadmap<\/li>\n<\/ul>\n\n\n\n<p><em>Please be advised if a service is not listed in our list of services above it is contractually considered out of APS\u2019s scope of support. APS reserves the right to refuse servicing out of scope items or charge additional fees to perform out of scope services.<\/em><\/p>","protected":false},"excerpt":{"rendered":"<p>Lista de Servicios de APS A continuaci\u00f3n se presenta un resumen de nuestros servicios generales. Si tiene alguna pregunta sobre un servicio que no aparece en la lista, comun\u00edquese con un Ejecutivo de Cuenta o Gerente de \u00c9xito del Cliente [&hellip;]<\/p>\n","protected":false},"author":2,"featured_media":0,"parent":0,"menu_order":0,"comment_status":"closed","ping_status":"closed","template":"","meta":{"footnotes":""},"class_list":["post-104","page","type-page","status-publish","hentry"],"yoast_head":"<!-- This site is optimized with the Yoast SEO plugin v27.4 - https:\/\/yoast.com\/product\/yoast-seo-wordpress\/ -->\n<title>Servicios Empresariales de Expert Support - Expert Support<\/title>\n<meta name=\"robots\" content=\"index, follow, max-snippet:-1, max-image-preview:large, max-video-preview:-1\" \/>\n<link rel=\"canonical\" href=\"https:\/\/expertsupport.sv\/en\/104-2\/\" \/>\n<meta property=\"og:locale\" content=\"en_US\" \/>\n<meta property=\"og:type\" content=\"article\" \/>\n<meta property=\"og:title\" content=\"Servicios Empresariales de Expert Support - Expert Support\" \/>\n<meta property=\"og:description\" content=\"Lista de Servicios de APS A continuaci\u00f3n se presenta un resumen de nuestros servicios generales. Si tiene alguna pregunta sobre un servicio que no aparece en la lista, comun\u00edquese con un Ejecutivo de Cuenta o Gerente de \u00c9xito del Cliente [&hellip;]\" \/>\n<meta property=\"og:url\" content=\"https:\/\/expertsupport.sv\/en\/104-2\/\" \/>\n<meta property=\"og:site_name\" content=\"Expert Support\" \/>\n<meta property=\"article:modified_time\" content=\"2026-04-23T20:54:50+00:00\" \/>\n<meta name=\"twitter:card\" content=\"summary_large_image\" \/>\n<meta name=\"twitter:label1\" content=\"Est. reading time\" \/>\n\t<meta name=\"twitter:data1\" content=\"7 minutes\" \/>\n<script type=\"application\/ld+json\" class=\"yoast-schema-graph\">{\"@context\":\"https:\\\/\\\/schema.org\",\"@graph\":[{\"@type\":\"WebPage\",\"@id\":\"https:\\\/\\\/expertsupport.sv\\\/104-2\\\/\",\"url\":\"https:\\\/\\\/expertsupport.sv\\\/104-2\\\/\",\"name\":\"Servicios Empresariales de Expert Support - Expert Support\",\"isPartOf\":{\"@id\":\"https:\\\/\\\/expertsupport.sv\\\/#website\"},\"datePublished\":\"2024-12-17T20:12:48+00:00\",\"dateModified\":\"2026-04-23T20:54:50+00:00\",\"breadcrumb\":{\"@id\":\"https:\\\/\\\/expertsupport.sv\\\/104-2\\\/#breadcrumb\"},\"inLanguage\":\"en-US\",\"potentialAction\":[{\"@type\":\"ReadAction\",\"target\":[\"https:\\\/\\\/expertsupport.sv\\\/104-2\\\/\"]}]},{\"@type\":\"BreadcrumbList\",\"@id\":\"https:\\\/\\\/expertsupport.sv\\\/104-2\\\/#breadcrumb\",\"itemListElement\":[{\"@type\":\"ListItem\",\"position\":1,\"name\":\"Home\",\"item\":\"https:\\\/\\\/expertsupport.sv\\\/\"},{\"@type\":\"ListItem\",\"position\":2,\"name\":\"Servicios Empresariales de Expert Support\"}]},{\"@type\":\"WebSite\",\"@id\":\"https:\\\/\\\/expertsupport.sv\\\/#website\",\"url\":\"https:\\\/\\\/expertsupport.sv\\\/\",\"name\":\"APS Managed Service Provider\",\"description\":\"A Managed Service Provider\",\"publisher\":{\"@id\":\"https:\\\/\\\/expertsupport.sv\\\/#organization\"},\"potentialAction\":[{\"@type\":\"SearchAction\",\"target\":{\"@type\":\"EntryPoint\",\"urlTemplate\":\"https:\\\/\\\/expertsupport.sv\\\/?s={search_term_string}\"},\"query-input\":{\"@type\":\"PropertyValueSpecification\",\"valueRequired\":true,\"valueName\":\"search_term_string\"}}],\"inLanguage\":\"en-US\"},{\"@type\":\"Organization\",\"@id\":\"https:\\\/\\\/expertsupport.sv\\\/#organization\",\"name\":\"APS Managed Service Provider\",\"url\":\"https:\\\/\\\/expertsupport.sv\\\/\",\"logo\":{\"@type\":\"ImageObject\",\"inLanguage\":\"en-US\",\"@id\":\"https:\\\/\\\/expertsupport.sv\\\/#\\\/schema\\\/logo\\\/image\\\/\",\"url\":\"https:\\\/\\\/expertsupport.sv\\\/wp-content\\\/uploads\\\/2024\\\/08\\\/aps-logo-for-site.jpg\",\"contentUrl\":\"https:\\\/\\\/expertsupport.sv\\\/wp-content\\\/uploads\\\/2024\\\/08\\\/aps-logo-for-site.jpg\",\"width\":181,\"height\":64,\"caption\":\"APS Managed Service Provider\"},\"image\":{\"@id\":\"https:\\\/\\\/expertsupport.sv\\\/#\\\/schema\\\/logo\\\/image\\\/\"}}]}<\/script>\n<!-- \/ Yoast SEO plugin. -->","yoast_head_json":{"title":"Servicios Empresariales de Expert Support - Expert Support","robots":{"index":"index","follow":"follow","max-snippet":"max-snippet:-1","max-image-preview":"max-image-preview:large","max-video-preview":"max-video-preview:-1"},"canonical":"https:\/\/expertsupport.sv\/en\/104-2\/","og_locale":"en_US","og_type":"article","og_title":"Servicios Empresariales de Expert Support - Expert Support","og_description":"Lista de Servicios de APS A continuaci\u00f3n se presenta un resumen de nuestros servicios generales. Si tiene alguna pregunta sobre un servicio que no aparece en la lista, comun\u00edquese con un Ejecutivo de Cuenta o Gerente de \u00c9xito del Cliente [&hellip;]","og_url":"https:\/\/expertsupport.sv\/en\/104-2\/","og_site_name":"Expert Support","article_modified_time":"2026-04-23T20:54:50+00:00","twitter_card":"summary_large_image","twitter_misc":{"Est. reading time":"7 minutes"},"schema":{"@context":"https:\/\/schema.org","@graph":[{"@type":"WebPage","@id":"https:\/\/expertsupport.sv\/104-2\/","url":"https:\/\/expertsupport.sv\/104-2\/","name":"Servicios Empresariales de Expert Support - Expert Support","isPartOf":{"@id":"https:\/\/expertsupport.sv\/#website"},"datePublished":"2024-12-17T20:12:48+00:00","dateModified":"2026-04-23T20:54:50+00:00","breadcrumb":{"@id":"https:\/\/expertsupport.sv\/104-2\/#breadcrumb"},"inLanguage":"en-US","potentialAction":[{"@type":"ReadAction","target":["https:\/\/expertsupport.sv\/104-2\/"]}]},{"@type":"BreadcrumbList","@id":"https:\/\/expertsupport.sv\/104-2\/#breadcrumb","itemListElement":[{"@type":"ListItem","position":1,"name":"Home","item":"https:\/\/expertsupport.sv\/"},{"@type":"ListItem","position":2,"name":"Servicios Empresariales de Expert Support"}]},{"@type":"WebSite","@id":"https:\/\/expertsupport.sv\/#website","url":"https:\/\/expertsupport.sv\/","name":"APS Managed Service Provider","description":"A Managed Service Provider","publisher":{"@id":"https:\/\/expertsupport.sv\/#organization"},"potentialAction":[{"@type":"SearchAction","target":{"@type":"EntryPoint","urlTemplate":"https:\/\/expertsupport.sv\/?s={search_term_string}"},"query-input":{"@type":"PropertyValueSpecification","valueRequired":true,"valueName":"search_term_string"}}],"inLanguage":"en-US"},{"@type":"Organization","@id":"https:\/\/expertsupport.sv\/#organization","name":"APS Managed Service Provider","url":"https:\/\/expertsupport.sv\/","logo":{"@type":"ImageObject","inLanguage":"en-US","@id":"https:\/\/expertsupport.sv\/#\/schema\/logo\/image\/","url":"https:\/\/expertsupport.sv\/wp-content\/uploads\/2024\/08\/aps-logo-for-site.jpg","contentUrl":"https:\/\/expertsupport.sv\/wp-content\/uploads\/2024\/08\/aps-logo-for-site.jpg","width":181,"height":64,"caption":"APS Managed Service Provider"},"image":{"@id":"https:\/\/expertsupport.sv\/#\/schema\/logo\/image\/"}}]}},"_links":{"self":[{"href":"https:\/\/expertsupport.sv\/en\/wp-json\/wp\/v2\/pages\/104","targetHints":{"allow":["GET"]}}],"collection":[{"href":"https:\/\/expertsupport.sv\/en\/wp-json\/wp\/v2\/pages"}],"about":[{"href":"https:\/\/expertsupport.sv\/en\/wp-json\/wp\/v2\/types\/page"}],"author":[{"embeddable":true,"href":"https:\/\/expertsupport.sv\/en\/wp-json\/wp\/v2\/users\/2"}],"replies":[{"embeddable":true,"href":"https:\/\/expertsupport.sv\/en\/wp-json\/wp\/v2\/comments?post=104"}],"version-history":[{"count":3,"href":"https:\/\/expertsupport.sv\/en\/wp-json\/wp\/v2\/pages\/104\/revisions"}],"predecessor-version":[{"id":132,"href":"https:\/\/expertsupport.sv\/en\/wp-json\/wp\/v2\/pages\/104\/revisions\/132"}],"wp:attachment":[{"href":"https:\/\/expertsupport.sv\/en\/wp-json\/wp\/v2\/media?parent=104"}],"curies":[{"name":"wp","href":"https:\/\/api.w.org\/{rel}","templated":true}]}}