{"id":14,"date":"2024-08-02T13:13:08","date_gmt":"2024-08-02T13:13:08","guid":{"rendered":"https:\/\/msp.apsiot.com\/?page_id=14"},"modified":"2026-04-23T17:25:44","modified_gmt":"2026-04-23T17:25:44","slug":"managed-it","status":"publish","type":"page","link":"https:\/\/expertsupport.sv\/en\/managed-it\/","title":{"rendered":"Servicios Administrados de TI"},"content":{"rendered":"<h3 class=\"wp-block-heading\">Su Socio en Tecnolog\u00eda, Dedicado a Su \u00c9xito<\/h3>\n\n\n\n<p>Ofrecemos una suite completa de servicios administrados dise\u00f1ados para satisfacer las necesidades \u00fanicas de su organizaci\u00f3n. Como proveedor de servicios administrados (MSP) centrado en el cliente, priorizamos su perspectiva para asegurarnos de que nuestras soluciones sean efectivas, rentables y alineadas con sus objetivos estrat\u00e9gicos.<\/p>\n\n\n\n<p>Nuestros servicios de TI administrados abarcan todo, desde monitoreo proactivo de redes hasta soporte de TI en sitio y servicios de TI co-administrados. Ya sea que necesite reparaci\u00f3n de computadoras en sitio, soluciones inform\u00e1ticas avanzadas o gesti\u00f3n de proyectos para sus iniciativas de TI, Expert Support est\u00e1 aqu\u00ed para brindarle el soporte y la experiencia que necesita.<\/p>","protected":false},"excerpt":{"rendered":"<p>Su Socio en Tecnolog\u00eda, Dedicado a Su \u00c9xito Ofrecemos una suite completa de servicios administrados dise\u00f1ados para satisfacer las necesidades \u00fanicas de su organizaci\u00f3n. Como proveedor de servicios administrados (MSP) centrado en el cliente, priorizamos su perspectiva para asegurarnos de [&hellip;]<\/p>\n","protected":false},"author":1,"featured_media":0,"parent":0,"menu_order":0,"comment_status":"closed","ping_status":"closed","template":"","meta":{"footnotes":""},"class_list":["post-14","page","type-page","status-publish","hentry"],"yoast_head":"<!-- This site is optimized with the Yoast SEO plugin v27.4 - https:\/\/yoast.com\/product\/yoast-seo-wordpress\/ -->\n<title>Servicios Administrados de TI - Expert Support<\/title>\n<meta name=\"robots\" content=\"index, follow, max-snippet:-1, max-image-preview:large, max-video-preview:-1\" \/>\n<link rel=\"canonical\" href=\"https:\/\/expertsupport.sv\/en\/managed-it\/\" \/>\n<meta property=\"og:locale\" content=\"en_US\" \/>\n<meta property=\"og:type\" content=\"article\" \/>\n<meta property=\"og:title\" content=\"Servicios Administrados de TI - Expert Support\" \/>\n<meta property=\"og:description\" content=\"Su Socio en Tecnolog\u00eda, Dedicado a Su \u00c9xito Ofrecemos una suite completa de servicios administrados dise\u00f1ados para satisfacer las necesidades \u00fanicas de su organizaci\u00f3n. Como proveedor de servicios administrados (MSP) centrado en el cliente, priorizamos su perspectiva para asegurarnos de [&hellip;]\" \/>\n<meta property=\"og:url\" content=\"https:\/\/expertsupport.sv\/en\/managed-it\/\" \/>\n<meta property=\"og:site_name\" content=\"Expert Support\" \/>\n<meta property=\"article:modified_time\" content=\"2026-04-23T17:25:44+00:00\" \/>\n<meta name=\"twitter:card\" content=\"summary_large_image\" \/>\n<meta name=\"twitter:label1\" content=\"Est. reading time\" \/>\n\t<meta name=\"twitter:data1\" content=\"1 minute\" \/>\n<script type=\"application\/ld+json\" class=\"yoast-schema-graph\">{\"@context\":\"https:\\\/\\\/schema.org\",\"@graph\":[{\"@type\":\"WebPage\",\"@id\":\"https:\\\/\\\/expertsupport.sv\\\/managed-it\\\/\",\"url\":\"https:\\\/\\\/expertsupport.sv\\\/managed-it\\\/\",\"name\":\"Servicios Administrados de TI - Expert Support\",\"isPartOf\":{\"@id\":\"https:\\\/\\\/expertsupport.sv\\\/#website\"},\"datePublished\":\"2024-08-02T13:13:08+00:00\",\"dateModified\":\"2026-04-23T17:25:44+00:00\",\"breadcrumb\":{\"@id\":\"https:\\\/\\\/expertsupport.sv\\\/managed-it\\\/#breadcrumb\"},\"inLanguage\":\"en-US\",\"potentialAction\":[{\"@type\":\"ReadAction\",\"target\":[\"https:\\\/\\\/expertsupport.sv\\\/managed-it\\\/\"]}]},{\"@type\":\"BreadcrumbList\",\"@id\":\"https:\\\/\\\/expertsupport.sv\\\/managed-it\\\/#breadcrumb\",\"itemListElement\":[{\"@type\":\"ListItem\",\"position\":1,\"name\":\"Home\",\"item\":\"https:\\\/\\\/expertsupport.sv\\\/\"},{\"@type\":\"ListItem\",\"position\":2,\"name\":\"Servicios Administrados de TI\"}]},{\"@type\":\"WebSite\",\"@id\":\"https:\\\/\\\/expertsupport.sv\\\/#website\",\"url\":\"https:\\\/\\\/expertsupport.sv\\\/\",\"name\":\"APS Managed Service Provider\",\"description\":\"A Managed Service Provider\",\"publisher\":{\"@id\":\"https:\\\/\\\/expertsupport.sv\\\/#organization\"},\"potentialAction\":[{\"@type\":\"SearchAction\",\"target\":{\"@type\":\"EntryPoint\",\"urlTemplate\":\"https:\\\/\\\/expertsupport.sv\\\/?s={search_term_string}\"},\"query-input\":{\"@type\":\"PropertyValueSpecification\",\"valueRequired\":true,\"valueName\":\"search_term_string\"}}],\"inLanguage\":\"en-US\"},{\"@type\":\"Organization\",\"@id\":\"https:\\\/\\\/expertsupport.sv\\\/#organization\",\"name\":\"APS Managed Service Provider\",\"url\":\"https:\\\/\\\/expertsupport.sv\\\/\",\"logo\":{\"@type\":\"ImageObject\",\"inLanguage\":\"en-US\",\"@id\":\"https:\\\/\\\/expertsupport.sv\\\/#\\\/schema\\\/logo\\\/image\\\/\",\"url\":\"https:\\\/\\\/expertsupport.sv\\\/wp-content\\\/uploads\\\/2024\\\/08\\\/aps-logo-for-site.jpg\",\"contentUrl\":\"https:\\\/\\\/expertsupport.sv\\\/wp-content\\\/uploads\\\/2024\\\/08\\\/aps-logo-for-site.jpg\",\"width\":181,\"height\":64,\"caption\":\"APS Managed Service Provider\"},\"image\":{\"@id\":\"https:\\\/\\\/expertsupport.sv\\\/#\\\/schema\\\/logo\\\/image\\\/\"}}]}<\/script>\n<!-- \/ Yoast SEO plugin. -->","yoast_head_json":{"title":"Servicios Administrados de TI - Expert Support","robots":{"index":"index","follow":"follow","max-snippet":"max-snippet:-1","max-image-preview":"max-image-preview:large","max-video-preview":"max-video-preview:-1"},"canonical":"https:\/\/expertsupport.sv\/en\/managed-it\/","og_locale":"en_US","og_type":"article","og_title":"Servicios Administrados de TI - Expert Support","og_description":"Su Socio en Tecnolog\u00eda, Dedicado a Su \u00c9xito Ofrecemos una suite completa de servicios administrados dise\u00f1ados para satisfacer las necesidades \u00fanicas de su organizaci\u00f3n. Como proveedor de servicios administrados (MSP) centrado en el cliente, priorizamos su perspectiva para asegurarnos de [&hellip;]","og_url":"https:\/\/expertsupport.sv\/en\/managed-it\/","og_site_name":"Expert Support","article_modified_time":"2026-04-23T17:25:44+00:00","twitter_card":"summary_large_image","twitter_misc":{"Est. reading time":"1 minute"},"schema":{"@context":"https:\/\/schema.org","@graph":[{"@type":"WebPage","@id":"https:\/\/expertsupport.sv\/managed-it\/","url":"https:\/\/expertsupport.sv\/managed-it\/","name":"Servicios Administrados de TI - Expert Support","isPartOf":{"@id":"https:\/\/expertsupport.sv\/#website"},"datePublished":"2024-08-02T13:13:08+00:00","dateModified":"2026-04-23T17:25:44+00:00","breadcrumb":{"@id":"https:\/\/expertsupport.sv\/managed-it\/#breadcrumb"},"inLanguage":"en-US","potentialAction":[{"@type":"ReadAction","target":["https:\/\/expertsupport.sv\/managed-it\/"]}]},{"@type":"BreadcrumbList","@id":"https:\/\/expertsupport.sv\/managed-it\/#breadcrumb","itemListElement":[{"@type":"ListItem","position":1,"name":"Home","item":"https:\/\/expertsupport.sv\/"},{"@type":"ListItem","position":2,"name":"Servicios Administrados de TI"}]},{"@type":"WebSite","@id":"https:\/\/expertsupport.sv\/#website","url":"https:\/\/expertsupport.sv\/","name":"APS Managed Service Provider","description":"A Managed Service Provider","publisher":{"@id":"https:\/\/expertsupport.sv\/#organization"},"potentialAction":[{"@type":"SearchAction","target":{"@type":"EntryPoint","urlTemplate":"https:\/\/expertsupport.sv\/?s={search_term_string}"},"query-input":{"@type":"PropertyValueSpecification","valueRequired":true,"valueName":"search_term_string"}}],"inLanguage":"en-US"},{"@type":"Organization","@id":"https:\/\/expertsupport.sv\/#organization","name":"APS Managed Service Provider","url":"https:\/\/expertsupport.sv\/","logo":{"@type":"ImageObject","inLanguage":"en-US","@id":"https:\/\/expertsupport.sv\/#\/schema\/logo\/image\/","url":"https:\/\/expertsupport.sv\/wp-content\/uploads\/2024\/08\/aps-logo-for-site.jpg","contentUrl":"https:\/\/expertsupport.sv\/wp-content\/uploads\/2024\/08\/aps-logo-for-site.jpg","width":181,"height":64,"caption":"APS Managed Service Provider"},"image":{"@id":"https:\/\/expertsupport.sv\/#\/schema\/logo\/image\/"}}]}},"_links":{"self":[{"href":"https:\/\/expertsupport.sv\/en\/wp-json\/wp\/v2\/pages\/14","targetHints":{"allow":["GET"]}}],"collection":[{"href":"https:\/\/expertsupport.sv\/en\/wp-json\/wp\/v2\/pages"}],"about":[{"href":"https:\/\/expertsupport.sv\/en\/wp-json\/wp\/v2\/types\/page"}],"author":[{"embeddable":true,"href":"https:\/\/expertsupport.sv\/en\/wp-json\/wp\/v2\/users\/1"}],"replies":[{"embeddable":true,"href":"https:\/\/expertsupport.sv\/en\/wp-json\/wp\/v2\/comments?post=14"}],"version-history":[{"count":4,"href":"https:\/\/expertsupport.sv\/en\/wp-json\/wp\/v2\/pages\/14\/revisions"}],"predecessor-version":[{"id":125,"href":"https:\/\/expertsupport.sv\/en\/wp-json\/wp\/v2\/pages\/14\/revisions\/125"}],"wp:attachment":[{"href":"https:\/\/expertsupport.sv\/en\/wp-json\/wp\/v2\/media?parent=14"}],"curies":[{"name":"wp","href":"https:\/\/api.w.org\/{rel}","templated":true}]}}