{"id":30,"date":"2024-08-02T13:20:08","date_gmt":"2024-08-02T13:20:08","guid":{"rendered":"https:\/\/msp.apsiot.com\/?page_id=30"},"modified":"2026-04-23T18:10:56","modified_gmt":"2026-04-23T18:10:56","slug":"av-cabling","status":"publish","type":"page","link":"https:\/\/expertsupport.sv\/en\/av-cabling\/","title":{"rendered":"Cableado AV"},"content":{"rendered":"<p>Ofrecemos servicios profesionales de instalaci\u00f3n de cableado AV (Audio y Video) para hogares y empresas. Nuestro equipo especializado garantiza una instalaci\u00f3n limpia, organizada y de alto rendimiento para todos sus sistemas de audio y video.<\/p>\n\n\n\n<p>Cont\u00e1ctenos para obtener m\u00e1s informaci\u00f3n y solicitar una cotizaci\u00f3n.<\/p>\n\n\n\n<p><\/p>","protected":false},"excerpt":{"rendered":"<p>Ofrecemos servicios profesionales de instalaci\u00f3n de cableado AV (Audio y Video) para hogares y empresas. Nuestro equipo especializado garantiza una instalaci\u00f3n limpia, organizada y de alto rendimiento para todos sus sistemas de audio y video. Cont\u00e1ctenos para obtener m\u00e1s informaci\u00f3n [&hellip;]<\/p>\n","protected":false},"author":1,"featured_media":0,"parent":0,"menu_order":0,"comment_status":"closed","ping_status":"closed","template":"","meta":{"footnotes":""},"class_list":["post-30","page","type-page","status-publish","hentry"],"yoast_head":"<!-- This site is optimized with the Yoast SEO plugin v27.4 - https:\/\/yoast.com\/product\/yoast-seo-wordpress\/ -->\n<title>Cableado AV - Expert Support<\/title>\n<meta name=\"robots\" content=\"index, follow, max-snippet:-1, max-image-preview:large, max-video-preview:-1\" \/>\n<link rel=\"canonical\" href=\"https:\/\/expertsupport.sv\/en\/av-cabling\/\" \/>\n<meta property=\"og:locale\" content=\"en_US\" \/>\n<meta property=\"og:type\" content=\"article\" \/>\n<meta property=\"og:title\" content=\"Cableado AV - Expert Support\" \/>\n<meta property=\"og:description\" content=\"Ofrecemos servicios profesionales de instalaci\u00f3n de cableado AV (Audio y Video) para hogares y empresas. Nuestro equipo especializado garantiza una instalaci\u00f3n limpia, organizada y de alto rendimiento para todos sus sistemas de audio y video. Cont\u00e1ctenos para obtener m\u00e1s informaci\u00f3n [&hellip;]\" \/>\n<meta property=\"og:url\" content=\"https:\/\/expertsupport.sv\/en\/av-cabling\/\" \/>\n<meta property=\"og:site_name\" content=\"Expert Support\" \/>\n<meta property=\"article:modified_time\" content=\"2026-04-23T18:10:56+00:00\" \/>\n<meta name=\"twitter:card\" content=\"summary_large_image\" \/>\n<meta name=\"twitter:label1\" content=\"Est. reading time\" \/>\n\t<meta name=\"twitter:data1\" content=\"1 minute\" \/>\n<script type=\"application\/ld+json\" class=\"yoast-schema-graph\">{\"@context\":\"https:\\\/\\\/schema.org\",\"@graph\":[{\"@type\":\"WebPage\",\"@id\":\"https:\\\/\\\/expertsupport.sv\\\/av-cabling\\\/\",\"url\":\"https:\\\/\\\/expertsupport.sv\\\/av-cabling\\\/\",\"name\":\"Cableado AV - Expert Support\",\"isPartOf\":{\"@id\":\"https:\\\/\\\/expertsupport.sv\\\/#website\"},\"datePublished\":\"2024-08-02T13:20:08+00:00\",\"dateModified\":\"2026-04-23T18:10:56+00:00\",\"breadcrumb\":{\"@id\":\"https:\\\/\\\/expertsupport.sv\\\/av-cabling\\\/#breadcrumb\"},\"inLanguage\":\"en-US\",\"potentialAction\":[{\"@type\":\"ReadAction\",\"target\":[\"https:\\\/\\\/expertsupport.sv\\\/av-cabling\\\/\"]}]},{\"@type\":\"BreadcrumbList\",\"@id\":\"https:\\\/\\\/expertsupport.sv\\\/av-cabling\\\/#breadcrumb\",\"itemListElement\":[{\"@type\":\"ListItem\",\"position\":1,\"name\":\"Home\",\"item\":\"https:\\\/\\\/expertsupport.sv\\\/\"},{\"@type\":\"ListItem\",\"position\":2,\"name\":\"Cableado AV\"}]},{\"@type\":\"WebSite\",\"@id\":\"https:\\\/\\\/expertsupport.sv\\\/#website\",\"url\":\"https:\\\/\\\/expertsupport.sv\\\/\",\"name\":\"APS Managed Service Provider\",\"description\":\"A Managed Service Provider\",\"publisher\":{\"@id\":\"https:\\\/\\\/expertsupport.sv\\\/#organization\"},\"potentialAction\":[{\"@type\":\"SearchAction\",\"target\":{\"@type\":\"EntryPoint\",\"urlTemplate\":\"https:\\\/\\\/expertsupport.sv\\\/?s={search_term_string}\"},\"query-input\":{\"@type\":\"PropertyValueSpecification\",\"valueRequired\":true,\"valueName\":\"search_term_string\"}}],\"inLanguage\":\"en-US\"},{\"@type\":\"Organization\",\"@id\":\"https:\\\/\\\/expertsupport.sv\\\/#organization\",\"name\":\"APS Managed Service Provider\",\"url\":\"https:\\\/\\\/expertsupport.sv\\\/\",\"logo\":{\"@type\":\"ImageObject\",\"inLanguage\":\"en-US\",\"@id\":\"https:\\\/\\\/expertsupport.sv\\\/#\\\/schema\\\/logo\\\/image\\\/\",\"url\":\"https:\\\/\\\/expertsupport.sv\\\/wp-content\\\/uploads\\\/2024\\\/08\\\/aps-logo-for-site.jpg\",\"contentUrl\":\"https:\\\/\\\/expertsupport.sv\\\/wp-content\\\/uploads\\\/2024\\\/08\\\/aps-logo-for-site.jpg\",\"width\":181,\"height\":64,\"caption\":\"APS Managed Service Provider\"},\"image\":{\"@id\":\"https:\\\/\\\/expertsupport.sv\\\/#\\\/schema\\\/logo\\\/image\\\/\"}}]}<\/script>\n<!-- \/ Yoast SEO plugin. -->","yoast_head_json":{"title":"Cableado AV - Expert Support","robots":{"index":"index","follow":"follow","max-snippet":"max-snippet:-1","max-image-preview":"max-image-preview:large","max-video-preview":"max-video-preview:-1"},"canonical":"https:\/\/expertsupport.sv\/en\/av-cabling\/","og_locale":"en_US","og_type":"article","og_title":"Cableado AV - Expert Support","og_description":"Ofrecemos servicios profesionales de instalaci\u00f3n de cableado AV (Audio y Video) para hogares y empresas. Nuestro equipo especializado garantiza una instalaci\u00f3n limpia, organizada y de alto rendimiento para todos sus sistemas de audio y video. Cont\u00e1ctenos para obtener m\u00e1s informaci\u00f3n [&hellip;]","og_url":"https:\/\/expertsupport.sv\/en\/av-cabling\/","og_site_name":"Expert Support","article_modified_time":"2026-04-23T18:10:56+00:00","twitter_card":"summary_large_image","twitter_misc":{"Est. reading time":"1 minute"},"schema":{"@context":"https:\/\/schema.org","@graph":[{"@type":"WebPage","@id":"https:\/\/expertsupport.sv\/av-cabling\/","url":"https:\/\/expertsupport.sv\/av-cabling\/","name":"Cableado AV - Expert Support","isPartOf":{"@id":"https:\/\/expertsupport.sv\/#website"},"datePublished":"2024-08-02T13:20:08+00:00","dateModified":"2026-04-23T18:10:56+00:00","breadcrumb":{"@id":"https:\/\/expertsupport.sv\/av-cabling\/#breadcrumb"},"inLanguage":"en-US","potentialAction":[{"@type":"ReadAction","target":["https:\/\/expertsupport.sv\/av-cabling\/"]}]},{"@type":"BreadcrumbList","@id":"https:\/\/expertsupport.sv\/av-cabling\/#breadcrumb","itemListElement":[{"@type":"ListItem","position":1,"name":"Home","item":"https:\/\/expertsupport.sv\/"},{"@type":"ListItem","position":2,"name":"Cableado AV"}]},{"@type":"WebSite","@id":"https:\/\/expertsupport.sv\/#website","url":"https:\/\/expertsupport.sv\/","name":"APS Managed Service Provider","description":"A Managed Service Provider","publisher":{"@id":"https:\/\/expertsupport.sv\/#organization"},"potentialAction":[{"@type":"SearchAction","target":{"@type":"EntryPoint","urlTemplate":"https:\/\/expertsupport.sv\/?s={search_term_string}"},"query-input":{"@type":"PropertyValueSpecification","valueRequired":true,"valueName":"search_term_string"}}],"inLanguage":"en-US"},{"@type":"Organization","@id":"https:\/\/expertsupport.sv\/#organization","name":"APS Managed Service Provider","url":"https:\/\/expertsupport.sv\/","logo":{"@type":"ImageObject","inLanguage":"en-US","@id":"https:\/\/expertsupport.sv\/#\/schema\/logo\/image\/","url":"https:\/\/expertsupport.sv\/wp-content\/uploads\/2024\/08\/aps-logo-for-site.jpg","contentUrl":"https:\/\/expertsupport.sv\/wp-content\/uploads\/2024\/08\/aps-logo-for-site.jpg","width":181,"height":64,"caption":"APS Managed Service Provider"},"image":{"@id":"https:\/\/expertsupport.sv\/#\/schema\/logo\/image\/"}}]}},"_links":{"self":[{"href":"https:\/\/expertsupport.sv\/en\/wp-json\/wp\/v2\/pages\/30","targetHints":{"allow":["GET"]}}],"collection":[{"href":"https:\/\/expertsupport.sv\/en\/wp-json\/wp\/v2\/pages"}],"about":[{"href":"https:\/\/expertsupport.sv\/en\/wp-json\/wp\/v2\/types\/page"}],"author":[{"embeddable":true,"href":"https:\/\/expertsupport.sv\/en\/wp-json\/wp\/v2\/users\/1"}],"replies":[{"embeddable":true,"href":"https:\/\/expertsupport.sv\/en\/wp-json\/wp\/v2\/comments?post=30"}],"version-history":[{"count":2,"href":"https:\/\/expertsupport.sv\/en\/wp-json\/wp\/v2\/pages\/30\/revisions"}],"predecessor-version":[{"id":129,"href":"https:\/\/expertsupport.sv\/en\/wp-json\/wp\/v2\/pages\/30\/revisions\/129"}],"wp:attachment":[{"href":"https:\/\/expertsupport.sv\/en\/wp-json\/wp\/v2\/media?parent=30"}],"curies":[{"name":"wp","href":"https:\/\/api.w.org\/{rel}","templated":true}]}}